{"id":12,"date":"2024-05-18T16:00:43","date_gmt":"2024-05-18T16:00:43","guid":{"rendered":"https:\/\/vivido-ia.com\/Emanais\/?page_id=12"},"modified":"2024-08-27T17:36:45","modified_gmt":"2024-08-27T17:36:45","slug":"blog","status":"publish","type":"page","link":"https:\/\/emanais.com.co\/index.php\/blog\/","title":{"rendered":"Blog"},"content":{"rendered":"\t\t<div data-elementor-type=\"wp-page\" data-elementor-id=\"12\" class=\"elementor elementor-12\">\n\t\t\t\t<div class=\"elementor-element elementor-element-b7c95e8 e-con-full e-flex e-con e-parent\" data-id=\"b7c95e8\" data-element_type=\"container\" data-e-type=\"container\">\n\t\t\t\t<div class=\"elementor-element elementor-element-c75291f elementor-widget elementor-widget-heading\" data-id=\"c75291f\" data-element_type=\"widget\" data-e-type=\"widget\" data-widget_type=\"heading.default\">\n\t\t\t\t<div class=\"elementor-widget-container\">\n\t\t\t\t\t<h2 class=\"elementor-heading-title elementor-size-default\">Blog<\/h2>\t\t\t\t<\/div>\n\t\t\t\t<\/div>\n\t\t\t\t<\/div>\n\t\t<div class=\"elementor-element elementor-element-029b3ee e-con-full e-flex e-con e-parent\" data-id=\"029b3ee\" data-element_type=\"container\" data-e-type=\"container\">\n\t\t\t\t<div class=\"elementor-element elementor-element-c8167b7 upk-global-link-yes elementor-widget elementor-widget-upk-fanel-list\" data-id=\"c8167b7\" data-element_type=\"widget\" data-e-type=\"widget\" data-widget_type=\"upk-fanel-list.default\">\n\t\t\t\t<div class=\"elementor-widget-container\">\n\t\t\t\t\t\t\t<div class=\"upk-fanel-list-container upk-ajax-grid\" data-loadmore=\"[]\">\n\t\t\t<div class=\"upk-fanel-list upk-ajax-grid-wrap\">\n\t\t\t\t\n\t\t\t\t\t\t\t<div onclick=\"window.open(&#039;https:\/\/emanais.com.co\/index.php\/2024\/10\/21\/que-significa-emanais-cual-es-su-origen-copy\/&#039;, &#039;_self&#039;)\" class=\"upk-item\">\n\t\t\t<div class=\"upk-item-box\">\n\t\t\t\t<div class=\"upk-image-wrap\">\n\n\t\t\t\t\t<img fetchpriority=\"high\" decoding=\"async\" width=\"1200\" height=\"630\" src=\"https:\/\/emanais.com.co\/wp-content\/uploads\/2024\/10\/Ema_principal.png\" class=\"upk-img\" alt=\"\u00bfQue significa Eman\u00e1Is? \u00bfCu\u00e1l es su origen?\" srcset=\"https:\/\/emanais.com.co\/wp-content\/uploads\/2024\/10\/Ema_principal.png 1200w, https:\/\/emanais.com.co\/wp-content\/uploads\/2024\/10\/Ema_principal-300x158.png 300w, https:\/\/emanais.com.co\/wp-content\/uploads\/2024\/10\/Ema_principal-1024x538.png 1024w, https:\/\/emanais.com.co\/wp-content\/uploads\/2024\/10\/Ema_principal-768x403.png 768w\" sizes=\"(max-width: 1200px) 100vw, 1200px\" \/>\n\t\t\t\t\t\t\t\t\t\t\t<div class=\"upk-fanel-date-wrap\">\n\t\t\t\t\t\t\t<span class=\"upk-fanel-date\">21<\/span>\n\t\t\t\t\t\t\t<span class=\"upk-fanel-month\">Oct<\/span>\n\t\t\t\t\t\t<\/div>\n\t\t\t\t\t\n\t\t\t\t<\/div>\n\n\t\t\t\t<div class=\"upk-content\">\n\t\t\t\t\t\n\t\t\t\t\t<h3 class=\"upk-title\"><a href=\"https:\/\/emanais.com.co\/index.php\/2024\/10\/21\/que-significa-emanais-cual-es-su-origen-copy\/\" title=\"\u00bfQue significa Eman\u00e1Is? \u00bfCu\u00e1l es su origen?\" class=\"title-animation-underline\" aria-label=\"\u00bfQue significa Eman\u00e1Is? \u00bfCu\u00e1l es su origen?\">\u00bfQue significa Eman\u00e1Is? \u00bfCu\u00e1l es su origen?<\/a><\/h3>\n\t\t\t\t\t\t\t<div class=\"upk-text\">\n\t\t\t<p>En este art\u00edculo hablaremos de lo que significa Eman\u00e1Is desde nuestra perspectiva y la importancia de los terapeutas que a su vez son psic\u00f3logos.<\/p>\n\t\t<\/div>\n\t\t\n\t\t\t\t\t\n\t\t\t\t<\/div>\n\t\t\t\t\t\t\t<\/div>\n\t\t<\/div>\n\n\t\n\t\t\t\t\t\t\t<\/div>\n\t\t<\/div>\n\n\t\t\n\t\t\t\t\t<div class=\"ep-pagination\">\n\t\t\t\t\t\t\t<\/div>\n\t\t\t\t<\/div>\n\t\t\t\t<\/div>\n\t\t\t\t<\/div>\n\t\t<div class=\"elementor-element elementor-element-0a8aa92 e-con-full e-flex e-con e-parent\" data-id=\"0a8aa92\" data-element_type=\"container\" data-e-type=\"container\" data-settings=\"{&quot;background_background&quot;:&quot;classic&quot;}\">\n\t\t\t\t<div class=\"elementor-element elementor-element-702e0e9 elementor-widget elementor-widget-spacer\" data-id=\"702e0e9\" data-element_type=\"widget\" data-e-type=\"widget\" data-widget_type=\"spacer.default\">\n\t\t\t\t<div class=\"elementor-widget-container\">\n\t\t\t\t\t\t\t<div class=\"elementor-spacer\">\n\t\t\t<div class=\"elementor-spacer-inner\"><\/div>\n\t\t<\/div>\n\t\t\t\t\t\t<\/div>\n\t\t\t\t<\/div>\n\t\t\t\t<\/div>\n\t\t\t\t<\/div>\n\t\t","protected":false},"excerpt":{"rendered":"<p>Blog 18 May Hello world! Welcome to WordPress. This is your first post. Edit or delete it, then start writing!<\/p>\n","protected":false},"author":1,"featured_media":0,"parent":0,"menu_order":0,"comment_status":"closed","ping_status":"closed","template":"","meta":{"om_disable_all_campaigns":false,"_monsterinsights_skip_tracking":false,"_monsterinsights_sitenote_active":false,"_monsterinsights_sitenote_note":"","_monsterinsights_sitenote_category":0,"ocean_post_layout":"","ocean_both_sidebars_style":"","ocean_both_sidebars_content_width":0,"ocean_both_sidebars_sidebars_width":0,"ocean_sidebar":"","ocean_second_sidebar":"","ocean_disable_margins":"enable","ocean_add_body_class":"","ocean_shortcode_before_top_bar":"","ocean_shortcode_after_top_bar":"","ocean_shortcode_before_header":"","ocean_shortcode_after_header":"","ocean_has_shortcode":"","ocean_shortcode_after_title":"","ocean_shortcode_before_footer_widgets":"","ocean_shortcode_after_footer_widgets":"","ocean_shortcode_before_footer_bottom":"","ocean_shortcode_after_footer_bottom":"","ocean_display_top_bar":"default","ocean_display_header":"default","ocean_header_style":"","ocean_center_header_left_menu":"","ocean_custom_header_template":"","ocean_custom_logo":0,"ocean_custom_retina_logo":0,"ocean_custom_logo_max_width":0,"ocean_custom_logo_tablet_max_width":0,"ocean_custom_logo_mobile_max_width":0,"ocean_custom_logo_max_height":0,"ocean_custom_logo_tablet_max_height":0,"ocean_custom_logo_mobile_max_height":0,"ocean_header_custom_menu":"","ocean_menu_typo_font_family":"","ocean_menu_typo_font_subset":"","ocean_menu_typo_font_size":0,"ocean_menu_typo_font_size_tablet":0,"ocean_menu_typo_font_size_mobile":0,"ocean_menu_typo_font_size_unit":"px","ocean_menu_typo_font_weight":"","ocean_menu_typo_font_weight_tablet":"","ocean_menu_typo_font_weight_mobile":"","ocean_menu_typo_transform":"","ocean_menu_typo_transform_tablet":"","ocean_menu_typo_transform_mobile":"","ocean_menu_typo_line_height":0,"ocean_menu_typo_line_height_tablet":0,"ocean_menu_typo_line_height_mobile":0,"ocean_menu_typo_line_height_unit":"","ocean_menu_typo_spacing":0,"ocean_menu_typo_spacing_tablet":0,"ocean_menu_typo_spacing_mobile":0,"ocean_menu_typo_spacing_unit":"","ocean_menu_link_color":"","ocean_menu_link_color_hover":"","ocean_menu_link_color_active":"","ocean_menu_link_background":"","ocean_menu_link_hover_background":"","ocean_menu_link_active_background":"","ocean_menu_social_links_bg":"","ocean_menu_social_hover_links_bg":"","ocean_menu_social_links_color":"","ocean_menu_social_hover_links_color":"","ocean_disable_title":"default","ocean_disable_heading":"default","ocean_post_title":"","ocean_post_subheading":"","ocean_post_title_style":"","ocean_post_title_background_color":"","ocean_post_title_background":0,"ocean_post_title_bg_image_position":"","ocean_post_title_bg_image_attachment":"","ocean_post_title_bg_image_repeat":"","ocean_post_title_bg_image_size":"","ocean_post_title_height":0,"ocean_post_title_bg_overlay":0.5,"ocean_post_title_bg_overlay_color":"","ocean_disable_breadcrumbs":"default","ocean_breadcrumbs_color":"","ocean_breadcrumbs_separator_color":"","ocean_breadcrumbs_links_color":"","ocean_breadcrumbs_links_hover_color":"","ocean_display_footer_widgets":"default","ocean_display_footer_bottom":"default","ocean_custom_footer_template":"","footnotes":""},"class_list":["post-12","page","type-page","status-publish","hentry","entry","has-media"],"yoast_head":"<!-- This site is optimized with the Yoast SEO plugin v24.9 - https:\/\/yoast.com\/wordpress\/plugins\/seo\/ -->\n<title>Blog - Consultorio Psicol\u00f3gico Bogot\u00e1<\/title>\n<meta name=\"robots\" content=\"index, follow, max-snippet:-1, max-image-preview:large, max-video-preview:-1\" \/>\n<link rel=\"canonical\" href=\"https:\/\/emanais.com.co\/index.php\/blog\/\" \/>\n<meta property=\"og:locale\" content=\"es_ES\" \/>\n<meta property=\"og:type\" content=\"article\" \/>\n<meta property=\"og:title\" content=\"Blog - Consultorio Psicol\u00f3gico Bogot\u00e1\" \/>\n<meta property=\"og:description\" content=\"Blog 18 May Hello world! Welcome to WordPress. This is your first post. Edit or delete it, then start writing!\" \/>\n<meta property=\"og:url\" content=\"https:\/\/emanais.com.co\/index.php\/blog\/\" \/>\n<meta property=\"og:site_name\" content=\"Consultorio Psicol\u00f3gico Bogot\u00e1\" \/>\n<meta property=\"article:modified_time\" content=\"2024-08-27T17:36:45+00:00\" \/>\n<meta property=\"og:image\" content=\"https:\/\/emanais.com.co\/wp-content\/plugins\/elementor\/assets\/images\/placeholder.png\" \/>\n<meta name=\"twitter:card\" content=\"summary_large_image\" \/>\n<script type=\"application\/ld+json\" class=\"yoast-schema-graph\">{\"@context\":\"https:\/\/schema.org\",\"@graph\":[{\"@type\":\"WebPage\",\"@id\":\"https:\/\/emanais.com.co\/index.php\/blog\/\",\"url\":\"https:\/\/emanais.com.co\/index.php\/blog\/\",\"name\":\"Blog - Consultorio Psicol\u00f3gico Bogot\u00e1\",\"isPartOf\":{\"@id\":\"https:\/\/emanais.com.co\/#website\"},\"primaryImageOfPage\":{\"@id\":\"https:\/\/emanais.com.co\/index.php\/blog\/#primaryimage\"},\"image\":{\"@id\":\"https:\/\/emanais.com.co\/index.php\/blog\/#primaryimage\"},\"thumbnailUrl\":\"https:\/\/emanais.com.co\/wp-content\/plugins\/elementor\/assets\/images\/placeholder.png\",\"datePublished\":\"2024-05-18T16:00:43+00:00\",\"dateModified\":\"2024-08-27T17:36:45+00:00\",\"breadcrumb\":{\"@id\":\"https:\/\/emanais.com.co\/index.php\/blog\/#breadcrumb\"},\"inLanguage\":\"es-CO\",\"potentialAction\":[{\"@type\":\"ReadAction\",\"target\":[\"https:\/\/emanais.com.co\/index.php\/blog\/\"]}]},{\"@type\":\"ImageObject\",\"inLanguage\":\"es-CO\",\"@id\":\"https:\/\/emanais.com.co\/index.php\/blog\/#primaryimage\",\"url\":\"https:\/\/emanais.com.co\/wp-content\/plugins\/elementor\/assets\/images\/placeholder.png\",\"contentUrl\":\"https:\/\/emanais.com.co\/wp-content\/plugins\/elementor\/assets\/images\/placeholder.png\"},{\"@type\":\"BreadcrumbList\",\"@id\":\"https:\/\/emanais.com.co\/index.php\/blog\/#breadcrumb\",\"itemListElement\":[{\"@type\":\"ListItem\",\"position\":1,\"name\":\"Inicio\",\"item\":\"https:\/\/emanais.com.co\/\"},{\"@type\":\"ListItem\",\"position\":2,\"name\":\"Blog\"}]},{\"@type\":\"WebSite\",\"@id\":\"https:\/\/emanais.com.co\/#website\",\"url\":\"https:\/\/emanais.com.co\/\",\"name\":\"Eman\u00e1Is\",\"description\":\"Consultorio Psicol\u00f3gico Asesor\u00eda, Consultor\u00eda,Terapias Regresivas Reconstructiva y Constelaciones Familiares y Terapia Sistemica, Grupales e Individuales\",\"publisher\":{\"@id\":\"https:\/\/emanais.com.co\/#organization\"},\"potentialAction\":[{\"@type\":\"SearchAction\",\"target\":{\"@type\":\"EntryPoint\",\"urlTemplate\":\"https:\/\/emanais.com.co\/?s={search_term_string}\"},\"query-input\":{\"@type\":\"PropertyValueSpecification\",\"valueRequired\":true,\"valueName\":\"search_term_string\"}}],\"inLanguage\":\"es-CO\"},{\"@type\":\"Organization\",\"@id\":\"https:\/\/emanais.com.co\/#organization\",\"name\":\"Eman\u00e1Is\",\"url\":\"https:\/\/emanais.com.co\/\",\"logo\":{\"@type\":\"ImageObject\",\"inLanguage\":\"es-CO\",\"@id\":\"https:\/\/emanais.com.co\/#\/schema\/logo\/image\/\",\"url\":\"https:\/\/emanais.com.co\/wp-content\/uploads\/2024\/05\/nosotros-logo.png\",\"contentUrl\":\"https:\/\/emanais.com.co\/wp-content\/uploads\/2024\/05\/nosotros-logo.png\",\"width\":1080,\"height\":1080,\"caption\":\"Eman\u00e1Is\"},\"image\":{\"@id\":\"https:\/\/emanais.com.co\/#\/schema\/logo\/image\/\"}}]}<\/script>\n<!-- \/ Yoast SEO plugin. -->","yoast_head_json":{"title":"Blog - Consultorio Psicol\u00f3gico Bogot\u00e1","robots":{"index":"index","follow":"follow","max-snippet":"max-snippet:-1","max-image-preview":"max-image-preview:large","max-video-preview":"max-video-preview:-1"},"canonical":"https:\/\/emanais.com.co\/index.php\/blog\/","og_locale":"es_ES","og_type":"article","og_title":"Blog - Consultorio Psicol\u00f3gico Bogot\u00e1","og_description":"Blog 18 May Hello world! Welcome to WordPress. This is your first post. Edit or delete it, then start writing!","og_url":"https:\/\/emanais.com.co\/index.php\/blog\/","og_site_name":"Consultorio Psicol\u00f3gico Bogot\u00e1","article_modified_time":"2024-08-27T17:36:45+00:00","og_image":[{"url":"https:\/\/emanais.com.co\/wp-content\/plugins\/elementor\/assets\/images\/placeholder.png","type":"","width":"","height":""}],"twitter_card":"summary_large_image","schema":{"@context":"https:\/\/schema.org","@graph":[{"@type":"WebPage","@id":"https:\/\/emanais.com.co\/index.php\/blog\/","url":"https:\/\/emanais.com.co\/index.php\/blog\/","name":"Blog - Consultorio Psicol\u00f3gico Bogot\u00e1","isPartOf":{"@id":"https:\/\/emanais.com.co\/#website"},"primaryImageOfPage":{"@id":"https:\/\/emanais.com.co\/index.php\/blog\/#primaryimage"},"image":{"@id":"https:\/\/emanais.com.co\/index.php\/blog\/#primaryimage"},"thumbnailUrl":"https:\/\/emanais.com.co\/wp-content\/plugins\/elementor\/assets\/images\/placeholder.png","datePublished":"2024-05-18T16:00:43+00:00","dateModified":"2024-08-27T17:36:45+00:00","breadcrumb":{"@id":"https:\/\/emanais.com.co\/index.php\/blog\/#breadcrumb"},"inLanguage":"es-CO","potentialAction":[{"@type":"ReadAction","target":["https:\/\/emanais.com.co\/index.php\/blog\/"]}]},{"@type":"ImageObject","inLanguage":"es-CO","@id":"https:\/\/emanais.com.co\/index.php\/blog\/#primaryimage","url":"https:\/\/emanais.com.co\/wp-content\/plugins\/elementor\/assets\/images\/placeholder.png","contentUrl":"https:\/\/emanais.com.co\/wp-content\/plugins\/elementor\/assets\/images\/placeholder.png"},{"@type":"BreadcrumbList","@id":"https:\/\/emanais.com.co\/index.php\/blog\/#breadcrumb","itemListElement":[{"@type":"ListItem","position":1,"name":"Inicio","item":"https:\/\/emanais.com.co\/"},{"@type":"ListItem","position":2,"name":"Blog"}]},{"@type":"WebSite","@id":"https:\/\/emanais.com.co\/#website","url":"https:\/\/emanais.com.co\/","name":"Eman\u00e1Is","description":"Consultorio Psicol\u00f3gico Asesor\u00eda, Consultor\u00eda,Terapias Regresivas Reconstructiva y Constelaciones Familiares y Terapia Sistemica, Grupales e Individuales","publisher":{"@id":"https:\/\/emanais.com.co\/#organization"},"potentialAction":[{"@type":"SearchAction","target":{"@type":"EntryPoint","urlTemplate":"https:\/\/emanais.com.co\/?s={search_term_string}"},"query-input":{"@type":"PropertyValueSpecification","valueRequired":true,"valueName":"search_term_string"}}],"inLanguage":"es-CO"},{"@type":"Organization","@id":"https:\/\/emanais.com.co\/#organization","name":"Eman\u00e1Is","url":"https:\/\/emanais.com.co\/","logo":{"@type":"ImageObject","inLanguage":"es-CO","@id":"https:\/\/emanais.com.co\/#\/schema\/logo\/image\/","url":"https:\/\/emanais.com.co\/wp-content\/uploads\/2024\/05\/nosotros-logo.png","contentUrl":"https:\/\/emanais.com.co\/wp-content\/uploads\/2024\/05\/nosotros-logo.png","width":1080,"height":1080,"caption":"Eman\u00e1Is"},"image":{"@id":"https:\/\/emanais.com.co\/#\/schema\/logo\/image\/"}}]}},"post_mailing_queue_ids":[],"_links":{"self":[{"href":"https:\/\/emanais.com.co\/index.php\/wp-json\/wp\/v2\/pages\/12","targetHints":{"allow":["GET"]}}],"collection":[{"href":"https:\/\/emanais.com.co\/index.php\/wp-json\/wp\/v2\/pages"}],"about":[{"href":"https:\/\/emanais.com.co\/index.php\/wp-json\/wp\/v2\/types\/page"}],"author":[{"embeddable":true,"href":"https:\/\/emanais.com.co\/index.php\/wp-json\/wp\/v2\/users\/1"}],"replies":[{"embeddable":true,"href":"https:\/\/emanais.com.co\/index.php\/wp-json\/wp\/v2\/comments?post=12"}],"version-history":[{"count":0,"href":"https:\/\/emanais.com.co\/index.php\/wp-json\/wp\/v2\/pages\/12\/revisions"}],"wp:attachment":[{"href":"https:\/\/emanais.com.co\/index.php\/wp-json\/wp\/v2\/media?parent=12"}],"curies":[{"name":"wp","href":"https:\/\/api.w.org\/{rel}","templated":true}]}}